{"id":1390,"date":"2023-09-14T10:27:06","date_gmt":"2023-09-14T10:27:06","guid":{"rendered":"https:\/\/wolfproracing.com\/?post_type=product&#038;p=1390"},"modified":"2023-09-15T13:46:59","modified_gmt":"2023-09-15T13:46:59","slug":"camiseta-trial-velax","status":"publish","type":"product","link":"https:\/\/wolfproracing.com\/en\/producto\/camiseta-trial-velax\/","title":{"rendered":"Camiseta Trial Velax"},"content":{"rendered":"<p>[et_pb_section fb_built=&#8221;1&#8243; _builder_version=&#8221;4.16&#8243; custom_padding=&#8221;0px||||false|false&#8221; global_colors_info=&#8221;{}&#8221;][et_pb_row _builder_version=&#8221;4.16&#8243; background_size=&#8221;initial&#8221; background_position=&#8221;top_left&#8221; background_repeat=&#8221;repeat&#8221; width=&#8221;100%&#8221; custom_padding=&#8221;0px||0px||false|false&#8221; global_colors_info=&#8221;{}&#8221;][et_pb_column type=&#8221;4_4&#8243; _builder_version=&#8221;4.16&#8243; custom_padding=&#8221;|||&#8221; global_colors_info=&#8221;{}&#8221; custom_padding__hover=&#8221;|||&#8221;][et_pb_wc_breadcrumb _builder_version=&#8221;4.16&#8243; global_colors_info=&#8221;{}&#8221;][\/et_pb_wc_breadcrumb][et_pb_wc_cart_notice _builder_version=&#8221;4.16&#8243; global_colors_info=&#8221;{}&#8221;][\/et_pb_wc_cart_notice][\/et_pb_column][\/et_pb_row][et_pb_row column_structure=&#8221;2_5,3_5&#8243; _builder_version=&#8221;4.16&#8243; background_size=&#8221;initial&#8221; background_position=&#8221;top_left&#8221; background_repeat=&#8221;repeat&#8221; width=&#8221;100%&#8221; custom_padding=&#8221;0px||||false|false&#8221; global_colors_info=&#8221;{}&#8221;][et_pb_column type=&#8221;2_5&#8243; _builder_version=&#8221;4.16&#8243; custom_padding=&#8221;|||&#8221; global_colors_info=&#8221;{}&#8221; custom_padding__hover=&#8221;|||&#8221;][et_pb_wc_images _builder_version=&#8221;4.16&#8243; global_colors_info=&#8221;{}&#8221;][\/et_pb_wc_images][et_pb_image src=&#8221;https:\/\/wolfproracing.com\/wp-content\/uploads\/2023\/09\/conjunto-trial-velax-wolfpro-racing.jpg&#8221; alt=&#8221;Conjunto Trial Velax | Wolfpro racing &#8211; Ropa personalizada&#8221; title_text=&#8221;conjunto-trial-velax-wolfpro-racing&#8221; _builder_version=&#8221;4.22.1&#8243; _module_preset=&#8221;default&#8221; global_colors_info=&#8221;{}&#8221;][\/et_pb_image][\/et_pb_column][et_pb_column type=&#8221;3_5&#8243; _builder_version=&#8221;4.16&#8243; custom_padding=&#8221;|||&#8221; global_colors_info=&#8221;{}&#8221; custom_padding__hover=&#8221;|||&#8221;][et_pb_wc_title _builder_version=&#8221;4.22.1&#8243; global_colors_info=&#8221;{}&#8221;][\/et_pb_wc_title][et_pb_wc_rating _builder_version=&#8221;4.16&#8243; global_colors_info=&#8221;{}&#8221;][\/et_pb_wc_rating][et_pb_text _builder_version=&#8221;4.22.1&#8243; _module_preset=&#8221;default&#8221; text_font=&#8221;|300|||||||&#8221; global_colors_info=&#8221;{}&#8221;]<\/p>\n<p>Camiseta t\u00e9cnica 100% poli\u00e9ster sublimada con tecnolog\u00eda dry para un mejor secado.<br \/>Ligera, transpirable y resistente al lavado.<\/p>\n<p>Cuello y pu\u00f1os de lycra para una mayor comodidad.<\/p>\n<p>[\/et_pb_text][et_pb_toggle title=&#8221;Gu\u00eda de tallas&#8221; open_toggle_text_color=&#8221;#E83E3E&#8221; open_toggle_background_color=&#8221;#FFFFFF&#8221; closed_toggle_background_color=&#8221;#FFFFFF&#8221; open_icon_color=&#8221;#E83E3E&#8221; _builder_version=&#8221;4.22.1&#8243; _module_preset=&#8221;default&#8221; title_text_color=&#8221;#000000&#8243; title_font=&#8221;||||on||||&#8221; custom_padding=&#8221;|||0px|false|false&#8221; custom_css_toggle_title=&#8221;font-weight: 300 !important;&#8221; border_width_all=&#8221;0px&#8221; global_module=&#8221;1161&#8243; saved_tabs=&#8221;all&#8221; global_colors_info=&#8221;{}&#8221;]<\/p>\n<p><img decoding=\"async\" class=\"alignnone wp-image-974 size-full\" src=\"https:\/\/wolfproracing.com\/wp-content\/uploads\/2023\/08\/tabla-Tallas-Serie-2023.jpg\" alt=\"Tabla de tallas\" width=\"2000\" height=\"1154\" srcset=\"https:\/\/wolfproracing.com\/wp-content\/uploads\/2023\/08\/tabla-Tallas-Serie-2023.jpg 2000w, https:\/\/wolfproracing.com\/wp-content\/uploads\/2023\/08\/tabla-Tallas-Serie-2023-1280x739.jpg 1280w, https:\/\/wolfproracing.com\/wp-content\/uploads\/2023\/08\/tabla-Tallas-Serie-2023-980x565.jpg 980w, https:\/\/wolfproracing.com\/wp-content\/uploads\/2023\/08\/tabla-Tallas-Serie-2023-480x277.jpg 480w\" sizes=\"(min-width: 0px) and (max-width: 480px) 480px, (min-width: 481px) and (max-width: 980px) 980px, (min-width: 981px) and (max-width: 1280px) 1280px, (min-width: 1281px) 2000px, 100vw\" \/><br \/>\n<a href=\"https:\/\/wolfproracing.com\/wp-content\/uploads\/2023\/09\/como-medir-el-pecho.jpg\" target=\"_blank\" rel=\"noopener\">\u00bfC\u00f3mo medir el pecho?<\/a> | <a href=\"https:\/\/wolfproracing.com\/wp-content\/uploads\/2023\/09\/como-medir-la-cintura.jpg\" target=\"_blank\" rel=\"noopener\">\u00bfC\u00f3mo medir la cintura?<\/a><\/p>\n<p>[\/et_pb_toggle][et_pb_wc_price _builder_version=&#8221;4.22.1&#8243; custom_margin=&#8221;50px||||false|false&#8221; global_colors_info=&#8221;{}&#8221;][\/et_pb_wc_price][et_pb_text _builder_version=&#8221;4.22.1&#8243; _module_preset=&#8221;default&#8221; text_font=&#8221;|300|||||||&#8221; text_font_size=&#8221;14px&#8221; header_3_font=&#8221;||||||||&#8221; header_3_text_color=&#8221;#E83E3E&#8221; header_3_font_size=&#8221;20px&#8221; custom_margin=&#8221;||50px||false|false&#8221; global_module=&#8221;1195&#8243; global_colors_info=&#8221;{}&#8221;]<\/p>\n<h3>\u00a1\u00a1A\u00f1ade n\u00famero y dorsal TOTALMENTE GRATIS!!*<\/h3>\n<p>*Si quieres personalizar tu camiseta con nombre y n\u00famero, solamente nos tienes que dejar una nota adicional cuando finalices la compra<\/p>\n<p>[\/et_pb_text][et_pb_wc_description _builder_version=&#8221;4.16&#8243; global_colors_info=&#8221;{}&#8221;][\/et_pb_wc_description][et_pb_wc_add_to_cart _builder_version=&#8221;4.22.1&#8243; global_colors_info=&#8221;{}&#8221;][\/et_pb_wc_add_to_cart][et_pb_text admin_label=&#8221;condiciones&#8221; _builder_version=&#8221;4.22.1&#8243; _module_preset=&#8221;default&#8221; text_font=&#8221;|300|||||||&#8221; text_line_height=&#8221;1.8em&#8221; custom_margin=&#8221;||100px||false|false&#8221; global_module=&#8221;1192&#8243; saved_tabs=&#8221;all&#8221; global_colors_info=&#8221;{}&#8221;]<\/p>\n<div>Pago 100% seguro<br \/>Env\u00edo incluido<br \/>Con un plazo de entrega de 10 d\u00edas<br \/>Garant\u00eda de devoluci\u00f3n (Cambios y devoluciones f\u00e1ciles hasta 15 d\u00edas)<\/div>\n<p>[\/et_pb_text][et_pb_wc_upsells columns_number=&#8221;4&#8243; _builder_version=&#8221;4.22.1&#8243; _module_preset=&#8221;default&#8221; title_font_size=&#8221;22px&#8221; product_title_font_size=&#8221;20px&#8221; price_text_color=&#8221;#E83E3E&#8221; custom_css_title=&#8221;font-weight:400;&#8221; global_colors_info=&#8221;{}&#8221;][\/et_pb_wc_upsells][\/et_pb_column][\/et_pb_row][et_pb_row _builder_version=&#8221;4.16&#8243; background_size=&#8221;initial&#8221; background_position=&#8221;top_left&#8221; background_repeat=&#8221;repeat&#8221; width=&#8221;100%&#8221; global_colors_info=&#8221;{}&#8221;][et_pb_column type=&#8221;4_4&#8243; _builder_version=&#8221;4.16&#8243; custom_padding=&#8221;|||&#8221; global_colors_info=&#8221;{}&#8221; custom_padding__hover=&#8221;|||&#8221;][et_pb_wc_tabs include_tabs=&#8221;|reviews&#8221; _builder_version=&#8221;4.22.1&#8243; body_font=&#8221;|300|||||||&#8221; global_colors_info=&#8221;{}&#8221;]\t\t\t\t\t[\/et_pb_wc_tabs][\/et_pb_column][\/et_pb_row][\/et_pb_section]<\/p>\n","protected":false},"excerpt":{"rendered":"<p>Camiseta t\u00e9cnica 100% poli\u00e9ster sublimada con tecnolog\u00eda dry para un mejor secado.Ligera, transpirable y resistente al lavado. Cuello y pu\u00f1os de lycra para una mayor comodidad. \u00bfC\u00f3mo medir el pecho? | \u00bfC\u00f3mo medir la cintura? \u00a1\u00a1A\u00f1ade n\u00famero y dorsal TOTALMENTE GRATIS!!* *Si quieres personalizar tu camiseta con nombre y n\u00famero, solamente nos tienes que dejar [&hellip;]<\/p>\n","protected":false},"featured_media":1370,"comment_status":"open","ping_status":"closed","template":"","meta":{"_et_pb_use_builder":"on","_et_pb_old_content":"","_et_gb_content_width":"","iawp_total_views":17},"product_brand":[],"product_cat":[30,34],"product_tag":[],"class_list":{"0":"post-1390","1":"product","2":"type-product","3":"status-publish","4":"has-post-thumbnail","6":"product_cat-camiseta","7":"product_cat-trial","9":"first","10":"instock","11":"taxable","12":"shipping-taxable","13":"purchasable","14":"product-type-variable"},"aioseo_notices":[],"_links":{"self":[{"href":"https:\/\/wolfproracing.com\/en\/wp-json\/wp\/v2\/product\/1390","targetHints":{"allow":["GET"]}}],"collection":[{"href":"https:\/\/wolfproracing.com\/en\/wp-json\/wp\/v2\/product"}],"about":[{"href":"https:\/\/wolfproracing.com\/en\/wp-json\/wp\/v2\/types\/product"}],"replies":[{"embeddable":true,"href":"https:\/\/wolfproracing.com\/en\/wp-json\/wp\/v2\/comments?post=1390"}],"wp:featuredmedia":[{"embeddable":true,"href":"https:\/\/wolfproracing.com\/en\/wp-json\/wp\/v2\/media\/1370"}],"wp:attachment":[{"href":"https:\/\/wolfproracing.com\/en\/wp-json\/wp\/v2\/media?parent=1390"}],"wp:term":[{"taxonomy":"product_brand","embeddable":true,"href":"https:\/\/wolfproracing.com\/en\/wp-json\/wp\/v2\/product_brand?post=1390"},{"taxonomy":"product_cat","embeddable":true,"href":"https:\/\/wolfproracing.com\/en\/wp-json\/wp\/v2\/product_cat?post=1390"},{"taxonomy":"product_tag","embeddable":true,"href":"https:\/\/wolfproracing.com\/en\/wp-json\/wp\/v2\/product_tag?post=1390"}],"curies":[{"name":"wp","href":"https:\/\/api.w.org\/{rel}","templated":true}]}}